{"id":438,"date":"2015-11-19T11:48:07","date_gmt":"2015-11-19T11:48:07","guid":{"rendered":"http:\/\/www.copyservi.es\/in\/?page_id=438"},"modified":"2016-03-07T13:00:06","modified_gmt":"2016-03-07T13:00:06","slug":"encuadernaciones","status":"publish","type":"page","link":"http:\/\/www.copyservi.es\/in\/encuadernaciones\/","title":{"rendered":"Encuadernaciones"},"content":{"rendered":"<p>[vc_row][vc_column][vc_column_text]Un trabajo impreso ganar\u00e1 categor\u00eda al llegar el momento de la encuadernaci\u00f3n final.<\/p>\n<p>Seg\u00fan a qu\u00e9 vaya a destinarse el trabajo realizado, disponemos de varios sistemas de encuadernaci\u00f3n:<\/p>\n<ul>\n<li>\n<div><em><strong>Grapado por la esquina o lateral:<\/strong><\/em> En trabajos sencillos administrativos u ofim\u00e1ticos se recomienda este tipo de encuadernaci\u00f3n debido a su simplicidad y bajo coste.<\/div>\n<\/li>\n<li>\n<div><em><strong>Grapado a caballete o tipo revista<\/strong>:<\/em> Este sistema garantiza un acabado profesional y econ\u00f3mico, y permite utilizar diferentes tipos de papel en la portada y en la tripa.<\/div>\n<\/li>\n<\/ul>\n<p><img loading=\"lazy\" decoding=\"async\" title=\"Grapado a caballete o tipo revista\" src=\"http:\/\/www.moyano.cat\/images\/stories\/encuadernaciones_acabados\/grapado%20a%20caballete%20o%20tipo%20revista%20para%20web.jpg\" alt=\"Grapado a caballete o tipo revista\" width=\"113\" height=\"114\" border=\"0\" \/><\/p>\n<ul>\n<li>\n<div><em><strong>Encuadernaci\u00f3n con Canutillo de pl\u00e1stico:<\/strong><\/em> Empleado habitualmente para trabajos escolares o de oficina por su sencillez y bajo coste. Permite el uso de tapas de pl\u00e1stico o cartulina de diferentes gramajes.<\/div>\n<\/li>\n<\/ul>\n<p><img loading=\"lazy\" decoding=\"async\" title=\"Encuadernaci\u00f3n con canutillo de pl\u00e1stico\" src=\"http:\/\/www.moyano.cat\/images\/stories\/encuadernaciones_acabados\/encuadernacion%20canutillo%20plastico%20para%20web.jpg\" alt=\"Encuadernaci\u00f3n con canutillo de pl\u00e1stico\" width=\"188\" height=\"116\" border=\"0\" \/><\/p>\n<ul>\n<li>\n<div><strong><em>Encuadernaci\u00f3n con Espiral met\u00e1lica:<\/em> <\/strong>Sistema utilizado habitualmente para trabajos escolares, dossiers de empresa, tarifas o cat\u00e1logos. Al igual que la encuadernaci\u00f3n con canutillo permite un n\u00famero m\u00e1s elevado de p\u00e1ginas que la encuadernaci\u00f3n por grapado a caballete.<\/div>\n<\/li>\n<\/ul>\n<p><img loading=\"lazy\" decoding=\"async\" title=\"Encuadernaci\u00f3n con espiral met\u00e1lica\" src=\"http:\/\/www.moyano.cat\/images\/stories\/encuadernaciones_acabados\/encuadernacion%20con%20espiral%20para%20web.jpg\" alt=\"Encuadernaci\u00f3n con espiral met\u00e1lica\" width=\"109\" height=\"102\" border=\"0\" \/><\/p>\n<ul>\n<li>\n<div><strong><em>Encuadernaci\u00f3n Esselte<\/em><\/strong><em>:<\/em> Encuadernaci\u00f3n mediante tapas prefabricadas de lomo de varios grosores empleada habitualmente para los libros contables por la facilidad de uso y su bajo coste. Este caso no permite el grabado de las tapas pero s\u00ed la estampaci\u00f3n.<\/div>\n<\/li>\n<\/ul>\n<p><img loading=\"lazy\" decoding=\"async\" title=\"Encuadernaci\u00f3n Esselte (tapas prefabricadas)\" src=\"http:\/\/www.moyano.cat\/images\/stories\/encuadernaciones_acabados\/encuadernacion_esselte2_300px.jpg\" alt=\"Encuadernaci\u00f3n Esselte (tapas prefabricadas)\" width=\"256\" height=\"119\" border=\"0\" \/><\/p>\n<ul>\n<li>\n<div><strong><em>Encuadernaci\u00f3n r\u00fastica a medida:<\/em> <\/strong>Realizaci\u00f3n a medida de tapas seg\u00fan muestrario de texturas y colores, y encuadernaci\u00f3n r\u00fastica cosida. Suele utilizarse para libros contables y de empresa cuando el n\u00famero de p\u00e1ginas es muy grande y necesita las cubiertas personalizadas.<\/div>\n<\/li>\n<\/ul>\n<p><img loading=\"lazy\" decoding=\"async\" title=\"Encuadernaci\u00f3n r\u00fastica a medida (Muestrario de colores)\" src=\"http:\/\/www.moyano.cat\/images\/stories\/encuadernaciones_acabados\/encuadernacion%20rustica%20a%20medida%20para%20web.jpg\" alt=\"Encuadernaci\u00f3n r\u00fastica a medida\" width=\"197\" height=\"177\" border=\"0\" \/><\/p>\n<ul>\n<li><strong><em>Encuadernaci\u00f3n r\u00edgida personalizada:<\/em> <\/strong>Encuadernaci\u00f3n r\u00edgida con tapa impresa personalizada y laminada en brillo o en mate.<\/li>\n<\/ul>\n<p><img loading=\"lazy\" decoding=\"async\" title=\"Encuadernaci\u00f3n r\u00edgida personalizada\" src=\"http:\/\/www.moyano.cat\/images\/stories\/encuadernaciones_acabados\/encuadernacion%20rigida%20personalizada%20para%20web.jpg\" alt=\"Encuadernaci\u00f3n r\u00edgida personalizada\" width=\"164\" height=\"181\" border=\"0\" \/> <img loading=\"lazy\" decoding=\"async\" title=\"Encuadernaci\u00f3n r\u00edgida personalizada\" src=\"http:\/\/www.moyano.cat\/images\/stories\/encuadernaciones_acabados\/encuadernacion%20rigida%20personalizada%20para%20web2.jpg\" alt=\"Encuadernaci\u00f3n r\u00edgida personalizada\" width=\"141\" height=\"182\" border=\"0\" \/><\/p>\n<ul>\n<li><strong><em>Encuadernaci\u00f3n r\u00fastica flexible encolada:<\/em> <\/strong>Encuadernaci\u00f3n r\u00fastica encolada con tapa impresa personalizada flexible en cartulina de 300gr. Con opci\u00f3n de laminarla en brillo o en mate en funci\u00f3n de la cantidad de ejemplares.<\/li>\n<\/ul>\n<p><img loading=\"lazy\" decoding=\"async\" title=\"Encuadernaci\u00f3n r\u00fastica flexible\" src=\"http:\/\/www.moyano.cat\/images\/stories\/encuadernaciones_acabados\/encuadernacion%20rustica%20flexible%20para%20web.jpg\" alt=\"Encuadernaci\u00f3n r\u00fastica flexible\" width=\"164\" height=\"168\" border=\"0\" \/> <img loading=\"lazy\" decoding=\"async\" title=\"Encuadernaci\u00f3n r\u00fastica flexible (encolado americano)\" src=\"http:\/\/www.moyano.cat\/images\/stories\/encuadernaciones_acabados\/encuadernacion%20rustica%20flexible%20encolado%20americano%20web.jpg\" alt=\"Encuadernaci\u00f3n r\u00fastica flexible (encolado americano)\" width=\"147\" height=\"177\" border=\"0\" \/><\/p>\n<ul>\n<li>\n<div><em><strong>Encuadernaci\u00f3n de fasc\u00edculos coleccionables<\/strong>.<\/em><\/div>\n<\/li>\n<\/ul>\n<p><img loading=\"lazy\" decoding=\"async\" title=\"Encuadernaci\u00f3n fasc\u00edculos coleccionables\" src=\"http:\/\/www.moyano.cat\/images\/stories\/encuadernaciones_acabados\/encuadernacion%20fasciculos%20coleccionables%20para%20web.jpg\" alt=\"Encuadernaci\u00f3n fasc\u00edculos coleccionables\" width=\"189\" height=\"212\" border=\"0\" \/><\/p>\n<div><\/div>\n<ul>\n<li>\n<div>Tenemos a su servicio tambi\u00e9n de una amplia oferta de <strong>acabados y finalizaciones<\/strong>, que proporcionar\u00e1n el toque final a su proyecto:<\/div>\n<\/li>\n<\/ul>\n<ul>\n<li>\n<ul>\n<li><em><strong>Plegado<\/strong><\/em><\/li>\n<li><strong><em>Hendido<\/em><\/strong><\/li>\n<li><em><strong>Taladrado<\/strong><\/em><\/li>\n<li><em><strong>Troquelado<\/strong><\/em><\/li>\n<li><strong><em>Grapado<\/em><\/strong><\/li>\n<li><strong><em>Alzado<\/em><\/strong><\/li>\n<li><strong><em>Laminado<\/em>: <\/strong>Brillo o mate a una cara o dos caras en PVC transparente o en polipropileno. Recomendable en cartas de restaurantes, carpetas, calendarios o tarjetas de visita<strong>.<\/strong><\/li>\n<li><em><strong>Encolado<\/strong><\/em><\/li>\n<li><strong><em>Guillotinado<\/em><\/strong><\/li>\n<\/ul>\n<\/li>\n<\/ul>\n<p>[\/vc_column_text][\/vc_column][\/vc_row]<\/p>\n","protected":false},"excerpt":{"rendered":"<p>[vc_row][vc_column][vc_column_text]Un trabajo impreso ganar\u00e1 categor\u00eda al llegar el momento de la encuadernaci\u00f3n final. Seg\u00fan a qu\u00e9 vaya a destinarse el trabajo realizado, disponemos de varios sistemas de encuadernaci\u00f3n: Grapado por la esquina o lateral: En trabajos sencillos administrativos u ofim\u00e1ticos se recomienda este tipo de encuadernaci\u00f3n debido a su simplicidad y bajo coste. Grapado a &hellip;<\/p>\n","protected":false},"author":1,"featured_media":0,"parent":0,"menu_order":0,"comment_status":"closed","ping_status":"closed","template":"","meta":{"footnotes":""},"yst_prominent_words":[],"class_list":["post-438","page","type-page","status-publish","hentry"],"_links":{"self":[{"href":"http:\/\/www.copyservi.es\/in\/wp-json\/wp\/v2\/pages\/438","targetHints":{"allow":["GET"]}}],"collection":[{"href":"http:\/\/www.copyservi.es\/in\/wp-json\/wp\/v2\/pages"}],"about":[{"href":"http:\/\/www.copyservi.es\/in\/wp-json\/wp\/v2\/types\/page"}],"author":[{"embeddable":true,"href":"http:\/\/www.copyservi.es\/in\/wp-json\/wp\/v2\/users\/1"}],"replies":[{"embeddable":true,"href":"http:\/\/www.copyservi.es\/in\/wp-json\/wp\/v2\/comments?post=438"}],"version-history":[{"count":0,"href":"http:\/\/www.copyservi.es\/in\/wp-json\/wp\/v2\/pages\/438\/revisions"}],"wp:attachment":[{"href":"http:\/\/www.copyservi.es\/in\/wp-json\/wp\/v2\/media?parent=438"}],"wp:term":[{"taxonomy":"yst_prominent_words","embeddable":true,"href":"http:\/\/www.copyservi.es\/in\/wp-json\/wp\/v2\/yst_prominent_words?post=438"}],"curies":[{"name":"wp","href":"https:\/\/api.w.org\/{rel}","templated":true}]}}