{"id":687,"date":"2016-02-17T09:16:25","date_gmt":"2016-02-17T09:16:25","guid":{"rendered":"http:\/\/www.copyservi.es\/in\/?page_id=687"},"modified":"2016-03-07T12:05:31","modified_gmt":"2016-03-07T12:05:31","slug":"papeleria","status":"publish","type":"page","link":"http:\/\/www.copyservi.es\/in\/papeleria\/","title":{"rendered":"Papeler\u00eda"},"content":{"rendered":"<p>[vc_row][vc_column][vc_column_text]<img loading=\"lazy\" decoding=\"async\" class=\"alignnone size-large wp-image-711\" src=\"http:\/\/www.copyservi.es\/in\/wp-content\/uploads\/2016\/02\/Copyservi-Melilla-1024x576.jpg\" alt=\"Copyservi Melilla\" width=\"1024\" height=\"576\" srcset=\"http:\/\/www.copyservi.es\/in\/wp-content\/uploads\/2016\/02\/Copyservi-Melilla-1024x576.jpg 1024w, http:\/\/www.copyservi.es\/in\/wp-content\/uploads\/2016\/02\/Copyservi-Melilla-300x169.jpg 300w, http:\/\/www.copyservi.es\/in\/wp-content\/uploads\/2016\/02\/Copyservi-Melilla-133x75.jpg 133w, http:\/\/www.copyservi.es\/in\/wp-content\/uploads\/2016\/02\/Copyservi-Melilla.jpg 1920w\" sizes=\"auto, (max-width: 1024px) 100vw, 1024px\" \/><\/p>\n<p>Personaliza tu material de papeler\u00eda y ad\u00e1ptalo a tu imagen corporativa.<\/p>\n<p>En <strong>COPYSERVI<\/strong>\u00a0te ayudamos encontrar las mejores soluciones a tus necesidades de papeler\u00eda, en la elecci\u00f3n del formato y papel adecuados, formatos y cierres, adaptando su dise\u00f1o a todo el pack de papeler\u00eda (cartas, sobres, facturas personalizadas, carpetas corporativas\u2026) y aconsej\u00e1ndote con las mejores ofertas y calidades.[\/vc_column_text][\/vc_column][\/vc_row]<\/p>\n","protected":false},"excerpt":{"rendered":"<p>[vc_row][vc_column][vc_column_text] Personaliza tu material de papeler\u00eda y ad\u00e1ptalo a tu imagen corporativa. En COPYSERVI\u00a0te ayudamos encontrar las mejores soluciones a tus necesidades de papeler\u00eda, en la elecci\u00f3n del formato y papel adecuados, formatos y cierres, adaptando su dise\u00f1o a todo el pack de papeler\u00eda (cartas, sobres, facturas personalizadas, carpetas corporativas\u2026) y aconsej\u00e1ndote con las mejores &hellip;<\/p>\n","protected":false},"author":1,"featured_media":0,"parent":0,"menu_order":0,"comment_status":"closed","ping_status":"closed","template":"","meta":{"footnotes":""},"yst_prominent_words":[],"class_list":["post-687","page","type-page","status-publish","hentry"],"_links":{"self":[{"href":"http:\/\/www.copyservi.es\/in\/wp-json\/wp\/v2\/pages\/687","targetHints":{"allow":["GET"]}}],"collection":[{"href":"http:\/\/www.copyservi.es\/in\/wp-json\/wp\/v2\/pages"}],"about":[{"href":"http:\/\/www.copyservi.es\/in\/wp-json\/wp\/v2\/types\/page"}],"author":[{"embeddable":true,"href":"http:\/\/www.copyservi.es\/in\/wp-json\/wp\/v2\/users\/1"}],"replies":[{"embeddable":true,"href":"http:\/\/www.copyservi.es\/in\/wp-json\/wp\/v2\/comments?post=687"}],"version-history":[{"count":0,"href":"http:\/\/www.copyservi.es\/in\/wp-json\/wp\/v2\/pages\/687\/revisions"}],"wp:attachment":[{"href":"http:\/\/www.copyservi.es\/in\/wp-json\/wp\/v2\/media?parent=687"}],"wp:term":[{"taxonomy":"yst_prominent_words","embeddable":true,"href":"http:\/\/www.copyservi.es\/in\/wp-json\/wp\/v2\/yst_prominent_words?post=687"}],"curies":[{"name":"wp","href":"https:\/\/api.w.org\/{rel}","templated":true}]}}