{"id":28,"date":"2015-02-18T14:53:02","date_gmt":"2015-02-18T14:53:02","guid":{"rendered":"http:\/\/xml-io.proteusthemes.com\/mentalpress\/?page_id=28"},"modified":"2015-12-28T12:03:53","modified_gmt":"2015-12-28T12:03:53","slug":"quienes-somos","status":"publish","type":"page","link":"https:\/\/www.copyservi.es\/in\/quienes-somos\/","title":{"rendered":"Quienes Somos"},"content":{"rendered":"<div id=\"pl-28\"  class=\"panel-layout\" ><div id=\"pg-28-0\"  class=\"panel-grid panel-no-style\" ><div id=\"pgc-28-0-0\"  class=\"panel-grid-cell\" ><div id=\"panel-28-0-0-0\" class=\"so-panel widget widget_black-studio-tinymce widget_black_studio_tinymce panel-first-child panel-last-child\" data-index=\"0\" ><div class=\"textwidget\"><p><strong>Copyservi Rotulos S.L.<\/strong> es una empresa especializada en la creaci\u00f3n de publicidad en general, con m\u00e1s de 20 a\u00f1os de experiencia como fabricantes, ofreciendo a nuestros clientes un servicio integral, tanto en la producci\u00f3n e instalaci\u00f3n de diferentes acabados de comunicaci\u00f3n visual en Melilla.\u00a0<\/p>\n<p>Nuestros Servicios de Rotulaci\u00f3n:\u00a0<\/p>\n<ul>\n<li id=\"u146-7\">R\u00f3tulos luminosos (Iluminated Signs).<\/li>\n<li>Cajas de luz (Light Box).<\/li>\n<li id=\"u146-9\">Ne\u00f3n y leds.<\/li>\n<li>Letras y Logotipos corp\u00f3reos (3D &amp; Channel Letters).<\/li>\n<li>Se\u00f1al\u00e9tica y Directorios.<\/li>\n<li>Fresado y Grabado en PVC, metacrilato, acero, aluminio, madera...<\/li>\n<li>decoraci\u00f3n de cristales.<\/li>\n<li>Rotulaci\u00f3n de veh\u00edculos.<\/li>\n<\/ul>\n<p><strong>Nunca descuidamos la calidad ni el acabado de nuestros productos<\/strong>, todos los materiales con los que trabajamos ofrecen todas las garant\u00edas de calidad.<\/p>\n<p>Aparte de la gran calidad de nuestros productos a precios ajustados, nos distinguimos por una <strong>excelente atenci\u00f3n al cliente<\/strong>, porque <strong>lo m\u00e1s importante<\/strong> para nosotros es <strong>su satisfacci\u00f3n<\/strong>.<\/p>\n<\/div><\/div><\/div><\/div><\/div>","protected":false},"excerpt":{"rendered":"<p>Copyservi Rotulos S.L. es una empresa especializada en la creaci\u00f3n de publicidad en general, con m\u00e1s de 20 a\u00f1os de experiencia como fabricantes, ofreciendo a nuestros clientes un servicio integral, tanto en la producci\u00f3n e instalaci\u00f3n de diferentes acabados de comunicaci\u00f3n visual en Melilla.\u00a0Nuestros Servicios de Rotulaci\u00f3n:\u00a0R\u00f3tulos luminosos (Iluminated Signs).Cajas de luz (Light Box).Ne\u00f3n y &hellip;<\/p>\n","protected":false},"author":1,"featured_media":0,"parent":0,"menu_order":0,"comment_status":"closed","ping_status":"closed","template":"","meta":{"footnotes":""},"yst_prominent_words":[],"class_list":["post-28","page","type-page","status-publish","hentry"],"_links":{"self":[{"href":"https:\/\/www.copyservi.es\/in\/wp-json\/wp\/v2\/pages\/28","targetHints":{"allow":["GET"]}}],"collection":[{"href":"https:\/\/www.copyservi.es\/in\/wp-json\/wp\/v2\/pages"}],"about":[{"href":"https:\/\/www.copyservi.es\/in\/wp-json\/wp\/v2\/types\/page"}],"author":[{"embeddable":true,"href":"https:\/\/www.copyservi.es\/in\/wp-json\/wp\/v2\/users\/1"}],"replies":[{"embeddable":true,"href":"https:\/\/www.copyservi.es\/in\/wp-json\/wp\/v2\/comments?post=28"}],"version-history":[{"count":0,"href":"https:\/\/www.copyservi.es\/in\/wp-json\/wp\/v2\/pages\/28\/revisions"}],"wp:attachment":[{"href":"https:\/\/www.copyservi.es\/in\/wp-json\/wp\/v2\/media?parent=28"}],"wp:term":[{"taxonomy":"yst_prominent_words","embeddable":true,"href":"https:\/\/www.copyservi.es\/in\/wp-json\/wp\/v2\/yst_prominent_words?post=28"}],"curies":[{"name":"wp","href":"https:\/\/api.w.org\/{rel}","templated":true}]}}