{"id":440,"date":"2015-11-19T11:48:36","date_gmt":"2015-11-19T11:48:36","guid":{"rendered":"http:\/\/www.copyservi.es\/in\/?page_id=440"},"modified":"2016-03-07T12:41:34","modified_gmt":"2016-03-07T12:41:34","slug":"otros-servicios","status":"publish","type":"page","link":"https:\/\/www.copyservi.es\/in\/otros-servicios\/","title":{"rendered":"Otros Servicios"},"content":{"rendered":"<p>Adem\u00e1s de los servicios de impresi\u00f3n en todas sus variantes, ofrecemos a nuestros clientes otros servicios variados, consistentes en:<\/p>\n<ul>\n<li>\n<div>Servicio de env\u00edo y recepci\u00f3n de fax<\/div>\n<\/li>\n<li>\n<div>Plastificado de documentos en todos los tama\u00f1os, desde tama\u00f1o carnet a grandes formatos<\/div>\n<\/li>\n<li>\n<div>Copias de planos en blanco y negro \/ Impresi\u00f3n de planos a todo color<\/div>\n<\/li>\n<li>\n<div>Placas identificativas<\/div>\n<\/li>\n<li>\n<div>Papel de alta calidad en varios gramajes y colores<\/div>\n<\/li>\n<li>\n<div>Sobres en todos los formatos<\/div>\n<\/li>\n<li>\n<div>Copias de CD \/ DVD<\/div>\n<\/li>\n<li>Edici\u00f3n de libros<\/li>\n<\/ul>\n","protected":false},"excerpt":{"rendered":"<p>Adem\u00e1s de los servicios de impresi\u00f3n en todas sus variantes, ofrecemos a nuestros clientes otros servicios variados, consistentes en: Servicio de env\u00edo y recepci\u00f3n de fax Plastificado de documentos en todos los tama\u00f1os, desde tama\u00f1o carnet a grandes formatos Copias de planos en blanco y negro \/ Impresi\u00f3n de planos a todo color Placas identificativas &hellip;<\/p>\n","protected":false},"author":1,"featured_media":0,"parent":0,"menu_order":0,"comment_status":"closed","ping_status":"closed","template":"","meta":{"footnotes":""},"yst_prominent_words":[],"class_list":["post-440","page","type-page","status-publish","hentry"],"_links":{"self":[{"href":"https:\/\/www.copyservi.es\/in\/wp-json\/wp\/v2\/pages\/440","targetHints":{"allow":["GET"]}}],"collection":[{"href":"https:\/\/www.copyservi.es\/in\/wp-json\/wp\/v2\/pages"}],"about":[{"href":"https:\/\/www.copyservi.es\/in\/wp-json\/wp\/v2\/types\/page"}],"author":[{"embeddable":true,"href":"https:\/\/www.copyservi.es\/in\/wp-json\/wp\/v2\/users\/1"}],"replies":[{"embeddable":true,"href":"https:\/\/www.copyservi.es\/in\/wp-json\/wp\/v2\/comments?post=440"}],"version-history":[{"count":0,"href":"https:\/\/www.copyservi.es\/in\/wp-json\/wp\/v2\/pages\/440\/revisions"}],"wp:attachment":[{"href":"https:\/\/www.copyservi.es\/in\/wp-json\/wp\/v2\/media?parent=440"}],"wp:term":[{"taxonomy":"yst_prominent_words","embeddable":true,"href":"https:\/\/www.copyservi.es\/in\/wp-json\/wp\/v2\/yst_prominent_words?post=440"}],"curies":[{"name":"wp","href":"https:\/\/api.w.org\/{rel}","templated":true}]}}