{"id":442,"date":"2015-11-19T11:48:57","date_gmt":"2015-11-19T11:48:57","guid":{"rendered":"http:\/\/www.copyservi.es\/in\/?page_id=442"},"modified":"2016-03-07T12:46:51","modified_gmt":"2016-03-07T12:46:51","slug":"sellos","status":"publish","type":"page","link":"https:\/\/www.copyservi.es\/in\/sellos\/","title":{"rendered":"Sellos"},"content":{"rendered":"<p><img loading=\"lazy\" decoding=\"async\" class=\"size-full wp-image-720 aligncenter\" src=\"http:\/\/www.copyservi.es\/in\/wp-content\/uploads\/2015\/11\/Sellos-Copyservi.jpg\" alt=\"Sellos Copyservi\" width=\"727\" height=\"271\" srcset=\"https:\/\/www.copyservi.es\/in\/wp-content\/uploads\/2015\/11\/Sellos-Copyservi.jpg 727w, https:\/\/www.copyservi.es\/in\/wp-content\/uploads\/2015\/11\/Sellos-Copyservi-300x112.jpg 300w, https:\/\/www.copyservi.es\/in\/wp-content\/uploads\/2015\/11\/Sellos-Copyservi-150x56.jpg 150w\" sizes=\"auto, (max-width: 727px) 100vw, 727px\" \/><\/p>\n<p><strong>Sellos de goma<\/strong> (o de caucho) <strong>personalizados y\u00a0<\/strong>autom\u00e1ticos (con entintaje autom\u00e1tico incorporado).<\/p>\n<p>Todo tipo de sellos, numeradores y fechadores con tinta incorporada. Los sellos autom\u00e1ticos dan gran comodidad, ya que no ensucian, son muy c\u00f3modos de usar y tienen una gran durabilidad, lo que los hace ideales para cualquier uso.<\/p>\n<p>Para el buen funcionamiento de los mismos se recomienda usar las tintas apropiadas a cada superficie y que no sean agresivas con el caucho. El caucho empleado es sint\u00e9tico de alta calidad y gran resistencia. Utilizamos el mejor <strong>caucho<\/strong>, con numerosos <strong>beneficios<\/strong>:<\/p>\n<ul>\n<li>\n<div>Estructura de la superficie perfecta.<\/div>\n<\/li>\n<li>\n<div>Calidad excelente de grabado y marcaje<\/div>\n<\/li>\n<li>\n<div>Resistente al aceite<\/div>\n<\/li>\n<li>\n<div>Buena absorci\u00f3n<\/div>\n<\/li>\n<li>\n<div>Sin olor<\/div>\n<\/li>\n<li>\n<div>F\u00e1cil de limpiar<\/div>\n<\/li>\n<\/ul>\n<p>El sello autom\u00e1tico permite la <strong>manipulaci\u00f3n perfecta por su sencillez<\/strong>.<\/p>\n<ul>\n<li>\n<div><strong>La soluci\u00f3n para las manos limpias<\/strong>: El cuidado dise\u00f1o de los cartuchos de tinta con dos puntos de agarre posibilita la manipulaci\u00f3n, inserci\u00f3n y cambio del cartucho sin tocar el inserto de tinta. Manipulaci\u00f3n f\u00e1cil y manos siempre limpias.<\/div>\n<\/li>\n<li>\n<div><strong>Posicionamiento exacto<\/strong>: La ventana de posicionamiento ahora es totalmente transparente, tambi\u00e9n los bordes inferiores. Una visi\u00f3n clara y perfecta al posicionar la marcada y la m\u00e1xima precisi\u00f3n al alinearla.<\/div>\n<\/li>\n<li>\n<div><strong>Incre\u00edblemente peque\u00f1o y ligero<\/strong>: Es uno de los sellos de entintaje autom\u00e1tico m\u00e1s peque\u00f1os del mundo. Por eso es perfecto para llevarlo hasta en el bolsillo.<\/div>\n<\/li>\n<li>\n<div><strong>El primer sello clim\u00e1ticamente neutro<\/strong>: Est\u00e1 compuesto hasta un 65% por pl\u00e1stico reciclado. Con esta estructura, ahorra valiosos recursos y elimina hasta el 49% la emisi\u00f3n de CO2.<\/div>\n<\/li>\n<\/ul>\n<p>Gran variedad de <strong>colores de tinta<\/strong> (negro, violeta, azul, verde, amarillo, naranja, rojo, p\u00farpura, gris) as\u00ed como de <strong>tipos de tinta<\/strong> en funci\u00f3n del uso que se le vaya a dar (tintas para tampones, tintas especiales para materiales\u00a0 no absorventes, tintas para tejidos, tintas para pl\u00e1sticos, tinta luminosa, tinta para marcar alimentos&#8230;)<\/p>\n<p>&nbsp;<\/p>\n","protected":false},"excerpt":{"rendered":"<p>Sellos de goma (o de caucho) personalizados y\u00a0autom\u00e1ticos (con entintaje autom\u00e1tico incorporado). Todo tipo de sellos, numeradores y fechadores con tinta incorporada. Los sellos autom\u00e1ticos dan gran comodidad, ya que no ensucian, son muy c\u00f3modos de usar y tienen una gran durabilidad, lo que los hace ideales para cualquier uso. Para el buen funcionamiento de &hellip;<\/p>\n","protected":false},"author":1,"featured_media":0,"parent":0,"menu_order":0,"comment_status":"closed","ping_status":"closed","template":"","meta":{"footnotes":""},"yst_prominent_words":[],"class_list":["post-442","page","type-page","status-publish","hentry"],"_links":{"self":[{"href":"https:\/\/www.copyservi.es\/in\/wp-json\/wp\/v2\/pages\/442","targetHints":{"allow":["GET"]}}],"collection":[{"href":"https:\/\/www.copyservi.es\/in\/wp-json\/wp\/v2\/pages"}],"about":[{"href":"https:\/\/www.copyservi.es\/in\/wp-json\/wp\/v2\/types\/page"}],"author":[{"embeddable":true,"href":"https:\/\/www.copyservi.es\/in\/wp-json\/wp\/v2\/users\/1"}],"replies":[{"embeddable":true,"href":"https:\/\/www.copyservi.es\/in\/wp-json\/wp\/v2\/comments?post=442"}],"version-history":[{"count":0,"href":"https:\/\/www.copyservi.es\/in\/wp-json\/wp\/v2\/pages\/442\/revisions"}],"wp:attachment":[{"href":"https:\/\/www.copyservi.es\/in\/wp-json\/wp\/v2\/media?parent=442"}],"wp:term":[{"taxonomy":"yst_prominent_words","embeddable":true,"href":"https:\/\/www.copyservi.es\/in\/wp-json\/wp\/v2\/yst_prominent_words?post=442"}],"curies":[{"name":"wp","href":"https:\/\/api.w.org\/{rel}","templated":true}]}}