{"id":480,"date":"2015-11-25T11:29:26","date_gmt":"2015-11-25T11:29:26","guid":{"rendered":"http:\/\/www.copyservi.es\/in\/?page_id=480"},"modified":"2018-12-23T00:36:27","modified_gmt":"2018-12-23T00:36:27","slug":"posicionamiento-seo","status":"publish","type":"page","link":"https:\/\/www.copyservi.es\/in\/diseno-web\/posicionamiento-seo\/","title":{"rendered":"Posicionamiento SEO"},"content":{"rendered":"<div id=\"pl-gb480-69f34ce6aaa91\"  class=\"panel-layout\" ><div id=\"pg-gb480-69f34ce6aaa91-0\"  class=\"panel-grid panel-no-style\" ><div id=\"pgc-gb480-69f34ce6aaa91-0-0\"  class=\"panel-grid-cell\" ><div id=\"panel-gb480-69f34ce6aaa91-0-0-0\" class=\"so-panel widget widget_black-studio-tinymce widget_black_studio_tinymce panel-first-child\" data-index=\"0\" ><h3 class=\"widget-title\">Expertos en SEO Melilla<\/h3><div class=\"textwidget\"><p>Llevamos a\u00f1os trabajando y sabemos lo que hacemos,concretamente en el posicionamiento web Melilla. Disponemos de un equipo de profesionales cualificados con experiencia, y de diferentes \u00e1reas del marketing online que trabajan en armon\u00eda y con una finalidad concreta, el SEO. La especializaci\u00f3n exhaustiva nos proporciona una dedicaci\u00f3n expresa y unos conocimientos especializados en lo que hacemos, con la \u00fanica finalidad de multiplicar los ingresos de tu negocio online.<\/p>\n<\/div><\/div><div id=\"panel-gb480-69f34ce6aaa91-0-0-1\" class=\"so-panel widget widget_black-studio-tinymce widget_black_studio_tinymce panel-last-child\" data-index=\"1\" ><h3 class=\"widget-title\">Trabajo Profesional<\/h3><div class=\"textwidget\"><p>Trabajamos con unos est\u00e1ndares realistas y responsables, con la premisa siempre presente de satisfacer las necesidades de nuestros clientes. El SEO ya no es linkbuilding. Entendemos el trabajo SEO como una optimizaci\u00f3n constante onpage y offpage que concrete los niveles de calidad que Google o otros buscadores quieren ofrecer en sus resultados. Nosotros nos encargamos de todo!<\/p>\n<\/div><\/div><\/div><\/div><\/div>\n\n\n<p><\/p>\n\n\n\n<h2 class=\"wp-block-heading\">Las Mejores Palabras Clave<\/h2>\n\n\n\n<p>Estar posicionado con tres, cuatro o cinco palabras clave, aumentar\u00e1 tu visibilidad, pero no culminar\u00e1 los objetivos que tu empresa se haya marcado a medio-largo plazo. Nosotros no ponemos l\u00edmites a las palabras clave a posicionar. Entendemos el posicionamiento como algo global, donde el objetivo radica en mejorar no solo la posici\u00f3n, sino tambi\u00e9n el crecimiento continuo de palabras clave posicionadas. M\u00e1s palabras, m\u00e1s visibilidad, m\u00e1s clientes.<\/p>\n\n\n\n<figure class=\"wp-block-image\"><img decoding=\"async\" src=\"https:\/\/www.ranktop.com\/wp-content\/uploads\/2018\/03\/palabras-clave01.png\" alt=\"\" class=\"wp-image-354\"\/><\/figure>\n\n\n\n<h2 class=\"wp-block-heading\">Nos adaptamos <br><\/h2>\n\n\n\n<p>Cada empresa presenta exigencias diferentes en lo que a su presencia online se refiere. Un buen estudio de competencia, necesidades y objetivos nos llevar\u00e1 a crear una estrategia personalizada, que reporte la mayor exposici\u00f3n online de tu empresa. Un buen trabajo personalizado y minucioso es clave del \u00e9xito de cualquier estrategia SEO.<\/p>\n\n\n\n<figure class=\"wp-block-image\"><img decoding=\"async\" src=\"https:\/\/www.ranktop.com\/wp-content\/uploads\/2018\/03\/servicio-adaptado01.png\" alt=\"\" class=\"wp-image-356\"\/><\/figure>\n\n\n\n<h2 class=\"wp-block-heading\">Contenido y trabajo de calidad<\/h2>\n\n\n\n<p>Tanto en la optimizaci\u00f3n onpage como en la offpage el contenido es lo m\u00e1s importante. Qui\u00e9n eres, qu\u00e9 haces, qu\u00e9 ofreces, en qu\u00e9 destacas\u2026 Atraemos clientes de la forma apropiada y adem\u00e1s ayudamos a Google a entender las razones por las que debes estar en la primera p\u00e1gina de su buscador. Calidad en contenido y el posicionamiento en buscadores est\u00e1n m\u00e1s unidos que nunca.<\/p>\n\n\n\n<figure class=\"wp-block-image\"><img decoding=\"async\" src=\"https:\/\/www.ranktop.com\/wp-content\/uploads\/2018\/03\/contenido-calidad01.png\" alt=\"\" class=\"wp-image-357\"\/><\/figure>\n\n\n\n<h2 class=\"wp-block-heading\">Trato personal y cercano<\/h2>\n\n\n\n<p>Nuestro servicio se caracteriza por la proximidad al cliente. Un experto SEO mantendr\u00e1 un contacto constante y directo contigo. Inform\u00e1ndote en todo momento de los trabajos realizados, de la evoluci\u00f3n y progresos de nuestra estrategia SEO. La buena comunicaci\u00f3n, para nosotros, es fundamental.<\/p>\n\n\n\n<figure class=\"wp-block-image\"><img decoding=\"async\" src=\"https:\/\/www.ranktop.com\/wp-content\/uploads\/2018\/03\/trato-profesional.png\" alt=\"\" class=\"wp-image-358\"\/><\/figure>\n\n\n\n<h2 class=\"wp-block-heading\">Sin contratos de permanencia<\/h2>\n\n\n\n<p>Consideramos que los contratos y permanencias generan obligaciones que no repercuten positivamente en una relaci\u00f3n de confianza con nuestros clientes. Una relaci\u00f3n que para nosotros est\u00e1 fundamentada en el progreso de tu empresa y la satisfacci\u00f3n mutua del trabajo bien hecho. Confiamos en nuestro trabajo y es por eso que ofrecemos el servicio sin ning\u00fan tipo de ataduras. Mes a mes renovamos expectativas y sinergias con nuestros clientes con la entrega y an\u00e1lisis del informe SEO mensual.<br><\/p>\n","protected":false},"excerpt":{"rendered":"<p>Llevamos a\u00f1os trabajando y sabemos lo que hacemos,concretamente en el posicionamiento web Melilla. Disponemos de un equipo de profesionales cualificados con experiencia, y de diferentes \u00e1reas del marketing online que trabajan en armon\u00eda y con una finalidad concreta, el SEO. La especializaci\u00f3n exhaustiva nos proporciona una dedicaci\u00f3n expresa y unos conocimientos especializados en lo que &hellip;<\/p>\n","protected":false},"author":1,"featured_media":0,"parent":444,"menu_order":0,"comment_status":"closed","ping_status":"closed","template":"","meta":{"footnotes":""},"yst_prominent_words":[82,64,60,58,67,83,62,66,55,81,61,59,54,63,84,56,65,57,80],"class_list":["post-480","page","type-page","status-publish","hentry"],"_links":{"self":[{"href":"https:\/\/www.copyservi.es\/in\/wp-json\/wp\/v2\/pages\/480","targetHints":{"allow":["GET"]}}],"collection":[{"href":"https:\/\/www.copyservi.es\/in\/wp-json\/wp\/v2\/pages"}],"about":[{"href":"https:\/\/www.copyservi.es\/in\/wp-json\/wp\/v2\/types\/page"}],"author":[{"embeddable":true,"href":"https:\/\/www.copyservi.es\/in\/wp-json\/wp\/v2\/users\/1"}],"replies":[{"embeddable":true,"href":"https:\/\/www.copyservi.es\/in\/wp-json\/wp\/v2\/comments?post=480"}],"version-history":[{"count":0,"href":"https:\/\/www.copyservi.es\/in\/wp-json\/wp\/v2\/pages\/480\/revisions"}],"up":[{"embeddable":true,"href":"https:\/\/www.copyservi.es\/in\/wp-json\/wp\/v2\/pages\/444"}],"wp:attachment":[{"href":"https:\/\/www.copyservi.es\/in\/wp-json\/wp\/v2\/media?parent=480"}],"wp:term":[{"taxonomy":"yst_prominent_words","embeddable":true,"href":"https:\/\/www.copyservi.es\/in\/wp-json\/wp\/v2\/yst_prominent_words?post=480"}],"curies":[{"name":"wp","href":"https:\/\/api.w.org\/{rel}","templated":true}]}}