{"id":673,"date":"2016-02-17T09:04:48","date_gmt":"2016-02-17T09:04:48","guid":{"rendered":"http:\/\/www.copyservi.es\/in\/?page_id=673"},"modified":"2016-03-07T10:18:39","modified_gmt":"2016-03-07T10:18:39","slug":"rotulos-luminosos","status":"publish","type":"page","link":"https:\/\/www.copyservi.es\/in\/rotulos-luminosos\/","title":{"rendered":"R\u00f3tulos Luminosos"},"content":{"rendered":"<p>[vc_row][vc_column width=\u00bb1\/3&#8243;][vc_column_text]<\/p>\n<p><a href=\"http:\/\/www.copyservi.es\/in\/wp-content\/uploads\/2015\/02\/image-21-360x240.jpg\"><img loading=\"lazy\" decoding=\"async\" class=\"alignnone size-medium wp-image-671\" src=\"http:\/\/www.copyservi.es\/in\/wp-content\/uploads\/2015\/02\/image-21-360x240-300x200.jpg\" alt=\"image-21-360x240\" width=\"300\" height=\"200\" srcset=\"https:\/\/www.copyservi.es\/in\/wp-content\/uploads\/2015\/02\/image-21-360x240-300x200.jpg 300w, https:\/\/www.copyservi.es\/in\/wp-content\/uploads\/2015\/02\/image-21-360x240-113x75.jpg 113w, https:\/\/www.copyservi.es\/in\/wp-content\/uploads\/2015\/02\/image-21-360x240-272x182.jpg 272w, https:\/\/www.copyservi.es\/in\/wp-content\/uploads\/2015\/02\/image-21-360x240.jpg 360w\" sizes=\"auto, (max-width: 300px) 100vw, 300px\" \/><\/a><\/p>\n<h4 class=\"page-box__title text-uppercase\">Cambio de rotulaci\u00f3n<\/h4>\n<p>Cambio de rotulaci\u00f3n: Aproveche el r\u00f3tulo del anterior inquilino realizando el cambio de rotulaci\u00f3n de la placa de metacrilato o lona si est\u00e1n en buen estado, o colocando otros nuevos en su lugar.<\/p>\n<p>[\/vc_column_text][vc_column_text]<a href=\"http:\/\/www.copyservi.es\/in\/wp-content\/uploads\/2015\/02\/image-21-360x240.jpg\"><img loading=\"lazy\" decoding=\"async\" class=\"alignnone size-medium wp-image-671\" src=\"http:\/\/www.copyservi.es\/in\/wp-content\/uploads\/2015\/02\/image-21-360x240-300x200.jpg\" alt=\"image-21-360x240\" width=\"300\" height=\"200\" srcset=\"https:\/\/www.copyservi.es\/in\/wp-content\/uploads\/2015\/02\/image-21-360x240-300x200.jpg 300w, https:\/\/www.copyservi.es\/in\/wp-content\/uploads\/2015\/02\/image-21-360x240-113x75.jpg 113w, https:\/\/www.copyservi.es\/in\/wp-content\/uploads\/2015\/02\/image-21-360x240-272x182.jpg 272w, https:\/\/www.copyservi.es\/in\/wp-content\/uploads\/2015\/02\/image-21-360x240.jpg 360w\" sizes=\"auto, (max-width: 300px) 100vw, 300px\" \/><\/a><\/p>\n<h4 class=\"page-box__title text-uppercase\"><strong>Caja de luz lona<\/strong><\/h4>\n<p><strong>Caja de luz frontal de lona<\/strong>: Letrero luminso con equipos tensores, para colocar una lona traslucida, en vez de placa de metacrilato, el interior est\u00e1 equipado con equipos luminosos homologados.[\/vc_column_text][vc_column_text]<a href=\"http:\/\/www.copyservi.es\/in\/wp-content\/uploads\/2015\/02\/image-21-360x240.jpg\"><img loading=\"lazy\" decoding=\"async\" class=\"alignnone size-medium wp-image-671\" src=\"http:\/\/www.copyservi.es\/in\/wp-content\/uploads\/2015\/02\/image-21-360x240-300x200.jpg\" alt=\"image-21-360x240\" width=\"300\" height=\"200\" srcset=\"https:\/\/www.copyservi.es\/in\/wp-content\/uploads\/2015\/02\/image-21-360x240-300x200.jpg 300w, https:\/\/www.copyservi.es\/in\/wp-content\/uploads\/2015\/02\/image-21-360x240-113x75.jpg 113w, https:\/\/www.copyservi.es\/in\/wp-content\/uploads\/2015\/02\/image-21-360x240-272x182.jpg 272w, https:\/\/www.copyservi.es\/in\/wp-content\/uploads\/2015\/02\/image-21-360x240.jpg 360w\" sizes=\"auto, (max-width: 300px) 100vw, 300px\" \/><\/a><\/p>\n<h4 class=\"page-box__title text-uppercase\"><strong>Banderola Luminosa<\/strong><\/h4>\n<p><strong>Banderola Luminosa<\/strong>: Son letreros luminosos, realizados a doble cara, y que van fijados perpendicularmente a la pared. Se realizan en acabados de metacrilato plano, curvado o cajas fresadas.[\/vc_column_text][\/vc_column][vc_column width=\u00bb1\/3&#8243;][vc_column_text]<a href=\"http:\/\/www.copyservi.es\/in\/wp-content\/uploads\/2015\/02\/image-21-360x240.jpg\"><img loading=\"lazy\" decoding=\"async\" class=\"alignnone size-medium wp-image-671\" src=\"http:\/\/www.copyservi.es\/in\/wp-content\/uploads\/2015\/02\/image-21-360x240-300x200.jpg\" alt=\"image-21-360x240\" width=\"300\" height=\"200\" srcset=\"https:\/\/www.copyservi.es\/in\/wp-content\/uploads\/2015\/02\/image-21-360x240-300x200.jpg 300w, https:\/\/www.copyservi.es\/in\/wp-content\/uploads\/2015\/02\/image-21-360x240-113x75.jpg 113w, https:\/\/www.copyservi.es\/in\/wp-content\/uploads\/2015\/02\/image-21-360x240-272x182.jpg 272w, https:\/\/www.copyservi.es\/in\/wp-content\/uploads\/2015\/02\/image-21-360x240.jpg 360w\" sizes=\"auto, (max-width: 300px) 100vw, 300px\" \/><\/a><\/p>\n<h4 class=\"page-box__title text-uppercase\">Caja de luz plano<\/h4>\n<p><strong>Caja de luz frontal plano<\/strong>: Letrero luminoso con la placa frontal de metacrilato plana, lleva equipos luminosos homologados en el interior, que proyectan la luz a trav\u00e9s de la placa de metacrilato.[\/vc_column_text][vc_column_text]<a href=\"http:\/\/www.copyservi.es\/in\/wp-content\/uploads\/2015\/02\/image-21-360x240.jpg\"><img loading=\"lazy\" decoding=\"async\" class=\"alignnone size-medium wp-image-671\" src=\"http:\/\/www.copyservi.es\/in\/wp-content\/uploads\/2015\/02\/image-21-360x240-300x200.jpg\" alt=\"image-21-360x240\" width=\"300\" height=\"200\" srcset=\"https:\/\/www.copyservi.es\/in\/wp-content\/uploads\/2015\/02\/image-21-360x240-300x200.jpg 300w, https:\/\/www.copyservi.es\/in\/wp-content\/uploads\/2015\/02\/image-21-360x240-113x75.jpg 113w, https:\/\/www.copyservi.es\/in\/wp-content\/uploads\/2015\/02\/image-21-360x240-272x182.jpg 272w, https:\/\/www.copyservi.es\/in\/wp-content\/uploads\/2015\/02\/image-21-360x240.jpg 360w\" sizes=\"auto, (max-width: 300px) 100vw, 300px\" \/><\/a><\/p>\n<h4 class=\"page-box__title text-uppercase\"><strong>Caja de luz fresada<\/strong><\/h4>\n<p><strong>Caja de luz fresada<\/strong>: Se trata de una caja de luz, realizada en hierro, aluminio o acero inoxidable, en la que el frontal est\u00e1 recortado, con los anagramas que se desee. llevan equipos luminosos homologados en el interior.[\/vc_column_text][vc_column_text]<a href=\"http:\/\/www.copyservi.es\/in\/wp-content\/uploads\/2015\/02\/image-21-360x240.jpg\"><img loading=\"lazy\" decoding=\"async\" class=\"alignnone size-medium wp-image-671\" src=\"http:\/\/www.copyservi.es\/in\/wp-content\/uploads\/2015\/02\/image-21-360x240-300x200.jpg\" alt=\"image-21-360x240\" width=\"300\" height=\"200\" srcset=\"https:\/\/www.copyservi.es\/in\/wp-content\/uploads\/2015\/02\/image-21-360x240-300x200.jpg 300w, https:\/\/www.copyservi.es\/in\/wp-content\/uploads\/2015\/02\/image-21-360x240-113x75.jpg 113w, https:\/\/www.copyservi.es\/in\/wp-content\/uploads\/2015\/02\/image-21-360x240-272x182.jpg 272w, https:\/\/www.copyservi.es\/in\/wp-content\/uploads\/2015\/02\/image-21-360x240.jpg 360w\" sizes=\"auto, (max-width: 300px) 100vw, 300px\" \/><\/a><\/p>\n<h4 class=\"page-box__title text-uppercase\"><strong>Rotulos personalizados<\/strong>:<\/h4>\n<p><strong>Rotulos personalizados<\/strong>: Las posibilidades son tantas como puedan imaginarse. Algunos ejemplos serian letreros en V, monolitos, banderolas con formas especiales&#8230; Todos ellos realizados con materiales de primera calidad.[\/vc_column_text][\/vc_column][vc_column width=\u00bb1\/3&#8243;][vc_column_text]<a href=\"http:\/\/www.copyservi.es\/in\/wp-content\/uploads\/2015\/02\/image-21-360x240.jpg\"><img loading=\"lazy\" decoding=\"async\" class=\"alignnone size-medium wp-image-671\" src=\"http:\/\/www.copyservi.es\/in\/wp-content\/uploads\/2015\/02\/image-21-360x240-300x200.jpg\" alt=\"image-21-360x240\" width=\"300\" height=\"200\" srcset=\"https:\/\/www.copyservi.es\/in\/wp-content\/uploads\/2015\/02\/image-21-360x240-300x200.jpg 300w, https:\/\/www.copyservi.es\/in\/wp-content\/uploads\/2015\/02\/image-21-360x240-113x75.jpg 113w, https:\/\/www.copyservi.es\/in\/wp-content\/uploads\/2015\/02\/image-21-360x240-272x182.jpg 272w, https:\/\/www.copyservi.es\/in\/wp-content\/uploads\/2015\/02\/image-21-360x240.jpg 360w\" sizes=\"auto, (max-width: 300px) 100vw, 300px\" \/><\/a><\/p>\n<h4 class=\"page-box__title text-uppercase\"><strong>Caja de luz curvado<\/strong>:<\/h4>\n<p><strong>Caja de luz frontal curvado<\/strong>: Los letreros luminosos de plaf\u00f3n curvado se caracterizan por tener la placa de metacrilato con forma ovalada, lleva equipos luminosos homologados colocados en el interior.[\/vc_column_text][vc_column_text]<a href=\"http:\/\/www.copyservi.es\/in\/wp-content\/uploads\/2015\/02\/image-21-360x240.jpg\"><img loading=\"lazy\" decoding=\"async\" class=\"alignnone size-medium wp-image-671\" src=\"http:\/\/www.copyservi.es\/in\/wp-content\/uploads\/2015\/02\/image-21-360x240-300x200.jpg\" alt=\"image-21-360x240\" width=\"300\" height=\"200\" srcset=\"https:\/\/www.copyservi.es\/in\/wp-content\/uploads\/2015\/02\/image-21-360x240-300x200.jpg 300w, https:\/\/www.copyservi.es\/in\/wp-content\/uploads\/2015\/02\/image-21-360x240-113x75.jpg 113w, https:\/\/www.copyservi.es\/in\/wp-content\/uploads\/2015\/02\/image-21-360x240-272x182.jpg 272w, https:\/\/www.copyservi.es\/in\/wp-content\/uploads\/2015\/02\/image-21-360x240.jpg 360w\" sizes=\"auto, (max-width: 300px) 100vw, 300px\" \/><\/a><\/p>\n<h4 class=\"page-box__title text-uppercase\"><strong>Luminaria<\/strong>:<\/h4>\n<p><strong>Luminaria<\/strong>: Letrero luminoso con iluminaci\u00f3n en la parte superior, formada por dos hileras de fluorescentes en el interior de una estructura de aluminio, y proyectan la luz hacia la placa del letrero.[\/vc_column_text][\/vc_column][\/vc_row]<\/p>\n","protected":false},"excerpt":{"rendered":"<p>[vc_row][vc_column width=\u00bb1\/3&#8243;][vc_column_text] Cambio de rotulaci\u00f3n Cambio de rotulaci\u00f3n: Aproveche el r\u00f3tulo del anterior inquilino realizando el cambio de rotulaci\u00f3n de la placa de metacrilato o lona si est\u00e1n en buen estado, o colocando otros nuevos en su lugar. [\/vc_column_text][vc_column_text] Caja de luz lona Caja de luz frontal de lona: Letrero luminso con equipos tensores, para &hellip;<\/p>\n","protected":false},"author":1,"featured_media":0,"parent":0,"menu_order":0,"comment_status":"closed","ping_status":"closed","template":"","meta":{"footnotes":""},"yst_prominent_words":[],"class_list":["post-673","page","type-page","status-publish","hentry"],"_links":{"self":[{"href":"https:\/\/www.copyservi.es\/in\/wp-json\/wp\/v2\/pages\/673","targetHints":{"allow":["GET"]}}],"collection":[{"href":"https:\/\/www.copyservi.es\/in\/wp-json\/wp\/v2\/pages"}],"about":[{"href":"https:\/\/www.copyservi.es\/in\/wp-json\/wp\/v2\/types\/page"}],"author":[{"embeddable":true,"href":"https:\/\/www.copyservi.es\/in\/wp-json\/wp\/v2\/users\/1"}],"replies":[{"embeddable":true,"href":"https:\/\/www.copyservi.es\/in\/wp-json\/wp\/v2\/comments?post=673"}],"version-history":[{"count":0,"href":"https:\/\/www.copyservi.es\/in\/wp-json\/wp\/v2\/pages\/673\/revisions"}],"wp:attachment":[{"href":"https:\/\/www.copyservi.es\/in\/wp-json\/wp\/v2\/media?parent=673"}],"wp:term":[{"taxonomy":"yst_prominent_words","embeddable":true,"href":"https:\/\/www.copyservi.es\/in\/wp-json\/wp\/v2\/yst_prominent_words?post=673"}],"curies":[{"name":"wp","href":"https:\/\/api.w.org\/{rel}","templated":true}]}}