{"id":685,"date":"2016-02-17T09:15:12","date_gmt":"2016-02-17T09:15:12","guid":{"rendered":"http:\/\/www.copyservi.es\/in\/?page_id=685"},"modified":"2016-03-19T16:00:24","modified_gmt":"2016-03-19T16:00:24","slug":"expositores-y-photocall","status":"publish","type":"page","link":"https:\/\/www.copyservi.es\/in\/expositores-y-photocall\/","title":{"rendered":"Expositores y Photocall"},"content":{"rendered":"<p>[vc_row][vc_column width=\u00bb1\/4&#8243;][\/vc_column][vc_column width=\u00bb3\/4&#8243;][vc_column_text]<\/p>\n<p>Se trata de soportes para graficas, de alta calidad, reutilizables, y transportables, mediante los cuales se puede hacer promoci\u00f3n en el punto de venta, tambi\u00e9n son una excelente soluci\u00f3n para ferias y acontecimientos. Disponibles en diferentes modelos y medidas.<\/p>\n<p>[\/vc_column_text][\/vc_column][\/vc_row][vc_row][vc_column width=\u00bb1\/4&#8243;][vc_single_image image=\u00bb733&#8243;][\/vc_column][vc_column width=\u00bb3\/4&#8243;][vc_column_text]<strong>Roll-up Enrollable<\/strong>: \u00a0 Roll-up enrollable: Realizado en aluminio, disponible en varios colores, con grafica impresa en alta calidad sobre pvc o lona. Se enrollan de tal forma que transportarlos se vuelve muy sencillo, un recurso muy utilizado en ferias y puntos de venta.[\/vc_column_text][\/vc_column][\/vc_row][vc_row][vc_column width=\u00bb1\/4&#8243;][vc_single_image image=\u00bb739&#8243;][\/vc_column][vc_column width=\u00bb3\/4&#8243;][vc_column_text]<strong>X-Banner<\/strong>: \u00a0 X-Banner: Son la opci\u00f3n m\u00e1s sencilla y econ\u00f3mica de sistemas de exposici\u00f3n, pueden desmontarse y recogerse en su funda para el transporte, las graficas est\u00e1n impresas en alta calidad, sobre pvc o lona.[\/vc_column_text][\/vc_column][\/vc_row][vc_row][vc_column width=\u00bb1\/4&#8243;][vc_single_image image=\u00bb738&#8243;][\/vc_column][vc_column width=\u00bb3\/4&#8243;][vc_column_text]<strong>Caballetes de Aluminio<\/strong>: \u00a0 Caballetes de aluminio:\u00a0 Un reclamo realizado a dos caras, con el que poder promocionar productos, men\u00fa, etc. Con graficas impresas en alta calidad, sobre diversos materiales. Dispone de sistema de cambio de grafica f\u00e1cil clip, con el que podr\u00e1 sustituir las graficas de forma sencilla.[\/vc_column_text][\/vc_column][\/vc_row][vc_row][vc_column width=\u00bb1\/4&#8243;][vc_single_image image=\u00bb736&#8243;][\/vc_column][vc_column width=\u00bb3\/4&#8243;][vc_column_text]<strong>Photocall<\/strong>: \u00a0 Photocall: un recurso muy de moda para eventos como pueden ser presentaciones, inauguraciones, despedidas de solter@, bodas. Podemos imprimir una grafica con los anagramas o fotograf\u00edas que desee. Si ya dispone de un soporte donde colocarlo se puede realizar en vinilo o en lona, y si no lo tiene puede optar por un roll-up o un x-banner.[\/vc_column_text][\/vc_column][\/vc_row]<\/p>\n","protected":false},"excerpt":{"rendered":"<p>[vc_row][vc_column width=\u00bb1\/4&#8243;][\/vc_column][vc_column width=\u00bb3\/4&#8243;][vc_column_text] Se trata de soportes para graficas, de alta calidad, reutilizables, y transportables, mediante los cuales se puede hacer promoci\u00f3n en el punto de venta, tambi\u00e9n son una excelente soluci\u00f3n para ferias y acontecimientos. Disponibles en diferentes modelos y medidas. [\/vc_column_text][\/vc_column][\/vc_row][vc_row][vc_column width=\u00bb1\/4&#8243;][vc_single_image image=\u00bb733&#8243;][\/vc_column][vc_column width=\u00bb3\/4&#8243;][vc_column_text]Roll-up Enrollable: \u00a0 Roll-up enrollable: Realizado en aluminio, disponible en &hellip;<\/p>\n","protected":false},"author":1,"featured_media":0,"parent":0,"menu_order":0,"comment_status":"closed","ping_status":"closed","template":"","meta":{"footnotes":""},"yst_prominent_words":[],"class_list":["post-685","page","type-page","status-publish","hentry"],"_links":{"self":[{"href":"https:\/\/www.copyservi.es\/in\/wp-json\/wp\/v2\/pages\/685","targetHints":{"allow":["GET"]}}],"collection":[{"href":"https:\/\/www.copyservi.es\/in\/wp-json\/wp\/v2\/pages"}],"about":[{"href":"https:\/\/www.copyservi.es\/in\/wp-json\/wp\/v2\/types\/page"}],"author":[{"embeddable":true,"href":"https:\/\/www.copyservi.es\/in\/wp-json\/wp\/v2\/users\/1"}],"replies":[{"embeddable":true,"href":"https:\/\/www.copyservi.es\/in\/wp-json\/wp\/v2\/comments?post=685"}],"version-history":[{"count":0,"href":"https:\/\/www.copyservi.es\/in\/wp-json\/wp\/v2\/pages\/685\/revisions"}],"wp:attachment":[{"href":"https:\/\/www.copyservi.es\/in\/wp-json\/wp\/v2\/media?parent=685"}],"wp:term":[{"taxonomy":"yst_prominent_words","embeddable":true,"href":"https:\/\/www.copyservi.es\/in\/wp-json\/wp\/v2\/yst_prominent_words?post=685"}],"curies":[{"name":"wp","href":"https:\/\/api.w.org\/{rel}","templated":true}]}}